{"id":3141,"date":"2016-02-08T15:46:07","date_gmt":"2016-02-08T14:46:07","guid":{"rendered":"http:\/\/www.hippomed.de\/en\/ziegen-schafe.html"},"modified":"2017-01-30T21:47:46","modified_gmt":"2017-01-30T20:47:46","slug":"unit-for-sheep-and-goats","status":"publish","type":"page","link":"https:\/\/www.neu-tec.de\/en\/diagnose\/pregnancy-diagnosis\/unit-for-sheep-and-goats.html","title":{"rendered":"Diagnosis unit for sheep and goats"},"content":{"rendered":"<div class='content-column three_fourth'><h1>Pregnancy diagnosis unit for sheep and goats<\/h1>\n<h2>Early diagnosis for your peace of mind!<\/h2>\n<figure id=\"attachment_3464\" aria-describedby=\"caption-attachment-3464\" style=\"width: 287px\" class=\"wp-caption alignleft\"><a href=\"http:\/\/www.neu-tec.de\/wp-content\/uploads\/Diagnosegeraet_Schaf_Ziege-2-e1460981527505.jpg\" rel=\"attachment wp-att-3464\"><img loading=\"lazy\" decoding=\"async\" class=\"size-thumbnail wp-image-3464\" src=\"http:\/\/www.neu-tec.de\/wp-content\/uploads\/Diagnosegeraet_Schaf_Ziege-2-e1460981527505-287x280.jpg\" alt=\"Diagnosis unit\" width=\"287\" height=\"280\" srcset=\"https:\/\/www.neu-tec.de\/wp-content\/uploads\/Diagnosegeraet_Schaf_Ziege-2-e1460981527505-287x280.jpg 287w, https:\/\/www.neu-tec.de\/wp-content\/uploads\/Diagnosegeraet_Schaf_Ziege-2-e1460981527505.jpg 574w\" sizes=\"auto, (max-width: 287px) 100vw, 287px\" \/><\/a><figcaption id=\"caption-attachment-3464\" class=\"wp-caption-text\">Diagnosis unit<\/figcaption><\/figure>\n<p>During pregnancy, the quantity of amniotic fluid in the uterus increases to such an extent that the uterus gradually lowers into the abdominal cavity and comes within range of the ultra-sound waves emitted by the unit.<\/p>\n<p>The ultrasound waves are then reflected as they move across the tissue and amniotic fluid and are converted by the unit into an acoustic signal, which indicates that the animal is pregnant.<\/p>\n<p>If you also wish to ensure that your breeding programme proceeds smoothly and is free from unpleasant surprises, such as false pregnancies or reproductive disorders, etc.. and you want to avoid, as far as possible, a reduction in economic efficiency due to livestock not being pregnant, the HK pregnancy diagnosis unit will give you the certainty you need.<\/p>\n<p><strong>The pregnancy diagnosis unit enables you to test the pregnancy of sheep and goats quickly and reliably, from sixty days from the last insemination with over 90 % insurance. Don&#8217;t just suspect pregnancy, give yourself the benefit of reliable pregnancy diagnosis!<\/strong><\/p>\n<hr \/>\n<figure id=\"attachment_3465\" aria-describedby=\"caption-attachment-3465\" style=\"width: 968px\" class=\"wp-caption alignleft\"><a href=\"http:\/\/www.neu-tec.de\/wp-content\/uploads\/Geraet_Schaf_Ziege_2-2.jpg\" rel=\"attachment wp-att-3465\"><img loading=\"lazy\" decoding=\"async\" class=\"size-full wp-image-3465\" src=\"http:\/\/www.neu-tec.de\/wp-content\/uploads\/Geraet_Schaf_Ziege_2-2.jpg\" alt=\"Tr\u00e4chtigkeits-Diagnoseger\u00e4t f\u00fcr Schafe und Ziegen\" width=\"968\" height=\"768\" srcset=\"https:\/\/www.neu-tec.de\/wp-content\/uploads\/Geraet_Schaf_Ziege_2-2.jpg 968w, https:\/\/www.neu-tec.de\/wp-content\/uploads\/Geraet_Schaf_Ziege_2-2-330x262.jpg 330w, https:\/\/www.neu-tec.de\/wp-content\/uploads\/Geraet_Schaf_Ziege_2-2-600x476.jpg 600w\" sizes=\"auto, (max-width: 968px) 100vw, 968px\" \/><\/a><figcaption id=\"caption-attachment-3465\" class=\"wp-caption-text\">Pregnancy diagnosis unit for sheep and goats<\/figcaption><\/figure>\n<hr \/>\n<p>The pregnancy diagnosis unit is available now in two models. The unit is available either with an external probe that is attached to the unit by a coil cord, or with an integrated ultrasonic head.<\/p>\n<h3>The new units have the following features:<\/h3>\n<blockquote>\n<ul>\n<li>The units can be operated either using a battery or a storage battery.<\/li>\n<li>The modern design makes the unit very easy to use and also meets the tough demands of everyday use.<\/li>\n<li>The unit can be switched on and off by simply pressing a button.<\/li>\n<li>The unit switches itself off automatically to avoid unnecessary power consumption.<\/li>\n<li>Using the sturdy detachable clip, the unit can be attached securely to a belt or to the pocket of a jacket or overalls.<\/li>\n<li>The casing has been specially designed to give protection against penetration of moisture.<\/li>\n<li>The battery compartment has a safety lock and is shielded from the other electronic components.<\/li>\n<li>The unit includes a case for secure storage.<\/li>\n<\/ul>\n<\/blockquote><\/div>\n<div class='content-column one_fourth last_column'><div class=\"contentboxenrechtshell iconblau\">\r\n<div class=\"menu-submenu-traechtigkeit-eng-container\"><ul id=\"menu-submenu-traechtigkeit-eng\" class=\"sub-menu-oben\"><li id=\"menu-item-3156\" class=\"menu-item menu-item-type-post_type menu-item-object-page menu-item-3156\"><a href=\"https:\/\/www.neu-tec.de\/en\/diagnose\/pregnancy-diagnosis\/unit-for-horses.html\">For horses<\/a><\/li>\n<li id=\"menu-item-3158\" class=\"menu-item menu-item-type-post_type menu-item-object-page menu-item-3158\"><a href=\"https:\/\/www.neu-tec.de\/en\/diagnose\/pregnancy-diagnosis\/unit-for-cows.html\">For cows<\/a><\/li>\n<li id=\"menu-item-3157\" class=\"menu-item menu-item-type-post_type menu-item-object-page menu-item-3157\"><a href=\"https:\/\/www.neu-tec.de\/en\/diagnose\/pregnancy-diagnosis\/unit-for-pigs.html\">For pigs<\/a><\/li>\n<li id=\"menu-item-3155\" class=\"menu-item menu-item-type-post_type menu-item-object-page menu-item-3155\"><a href=\"https:\/\/www.neu-tec.de\/en\/diagnose\/pregnancy-diagnosis\/unit-for-sheep-and-goats.html\">For sheep and goats<\/a><\/li>\n<\/ul><\/div><\/div><br \/>\n<a href=\"https:\/\/www.neu-tec-shop.de\" title=\"Online-Shop\"><img decoding=\"async\" alt=\"Online-Shop\" class=\"artikelanfrage\" src=\"https:\/\/www.neu-tec.de\/wp-content\/themes\/hippomed\/images\/artikelanfragev4.jpg\" \/><\/a>\r\n\r\n<div class=\"blackweek\">\r\n\t<a href=\"https:\/\/www.neu-tec.de\/therapie\/magnetfeldsystem\/pemf-magnetfeldsystem-fuer-pferde.html\" target=\"_blank\" title=\"Neu-Tec Vet-Line Equi, f\u00fcr die Gesundheit und das Wohlbefinden Ihres Pferdes oder Kleintieres. Weitere Informationen finden Sie hier!\"><img decoding=\"async\" src=\"https:\/\/www.neu-tec.de\/wp-content\/uploads\/Banner-Magnetfeld.jpg\" alt=\"Neu-Tec Vet-Line Equi, f\u00fcr die Gesundheit und das Wohlbefinden Ihres Pferdes oder Kleintieres. Weitere Informationen finden Sie hier!\"><\/a>\r\n<\/div>\r\n<div class=\"blackweek\">\r\n\t<a href=\"https:\/\/www.neu-tec-shop.de\/Therapieplanberatung-Therapieplanbegleitung\/NT-10057\" target=\"_blank\" title=\"Therapieberatung\/ Therapieplanbegleitung - Wir beraten Sie gerne!\"><img decoding=\"async\" src=\"https:\/\/www.neu-tec.de\/wp-content\/uploads\/Therapie-v5.gif\" alt=\"Therapieberatung\/ Therapieplanbegleitung - Sie wollen oder m\u00fcssen inhalieren? Wir beraten Sie gerne!\"><\/a>\r\n<\/div>\r\n<div class=\"contentboxenrechts iconblau\">\r\n\t<form class=\"search-form\" action=\"http:\/\/www.neu-tec.de\" method=\"get\"><label>\r\n<span class=\"screen-reader-text\">Suche nach:<\/span>\r\n<input class=\"search-field\" title=\"Suche nach:\" name=\"s\" type=\"search\" value=\"\" placeholder=\"Suche \u2026\" \/>\r\n<\/label><\/form>\r\n\n<div role=\"navigation\" aria-label=\"Language Switcher\" class=\"wpml-ls-statics-shortcode_actions wpml-ls wpml-ls-legacy-list-horizontal\">\n\t<ul><li class=\"wpml-ls-slot-shortcode_actions wpml-ls-item wpml-ls-item-de wpml-ls-first-item wpml-ls-item-legacy-list-horizontal\">\n\t\t\t\t<a href=\"https:\/\/www.neu-tec.de\/\" hreflang=\"de\" lang=\"de\" class=\"wpml-ls-link\" aria-label=\"Switch to German\" title=\"Switch to German\">\n\t\t\t\t\t                                    <img decoding=\"async\"\n            class=\"wpml-ls-flag\"\n            src=\"https:\/\/www.neu-tec.de\/wp-content\/plugins\/sitepress-multilingual-cms\/res\/flags\/de.png\"\n            alt=\"German\"\n            loading=\"lazy\"\n            width=18\n            height=12\n    \/><\/a>\n\t\t\t<\/li><li class=\"wpml-ls-slot-shortcode_actions wpml-ls-item wpml-ls-item-en wpml-ls-current-language wpml-ls-last-item wpml-ls-item-legacy-list-horizontal\">\n\t\t\t\t<a href=\"https:\/\/www.neu-tec.de\/en\" hreflang=\"en\" lang=\"en\" class=\"wpml-ls-link\" aria-current=\"page\" aria-label=\"Switch to English\" title=\"Switch to English\">\n\t\t\t\t\t                                    <img decoding=\"async\"\n            class=\"wpml-ls-flag\"\n            src=\"https:\/\/www.neu-tec.de\/wp-content\/plugins\/sitepress-multilingual-cms\/res\/flags\/en.png\"\n            alt=\"English\"\n            loading=\"lazy\"\n            width=18\n            height=12\n    \/><\/a>\n\t\t\t<\/li><\/ul>\n<\/div>\n<div class=\"menu-useabilityeng-container\"><ul id=\"menu-useabilityeng\" class=\"sub-menu\"><li id=\"menu-item-2388\" class=\"menu-item menu-item-type-post_type menu-item-object-page menu-item-home menu-item-2388\"><a href=\"https:\/\/www.neu-tec.de\/en\">Home<\/a><\/li>\n<li id=\"menu-item-3233\" class=\"menu-item menu-item-type-post_type menu-item-object-page menu-item-3233\"><a href=\"https:\/\/www.neu-tec.de\/en\/kontakt\/ansprechpartner.html\">Consultant<\/a><\/li>\n<li id=\"menu-item-3887\" class=\"menu-item menu-item-type-post_type menu-item-object-page menu-item-3887\"><a href=\"https:\/\/www.neu-tec.de\/en\/kontakt\/fairs-and-exhibitions.html\">Fairs and Exhibitions<\/a><\/li>\n<li id=\"menu-item-3223\" class=\"menu-item menu-item-type-post_type menu-item-object-page menu-item-3223\"><a href=\"https:\/\/www.neu-tec.de\/en\/kontakt.html\">Contact<\/a><\/li>\n<li id=\"menu-item-3246\" class=\"menu-item menu-item-type-post_type menu-item-object-page menu-item-3246\"><a href=\"https:\/\/www.neu-tec.de\/en\/kontakt\/impressum.html\">Legal Notice<\/a><\/li>\n<li id=\"menu-item-3896\" class=\"menu-item menu-item-type-post_type menu-item-object-page menu-item-3896\"><a href=\"https:\/\/www.neu-tec.de\/en\/kontakt\/privacy-policy.html\">Privacy Policy<\/a><\/li>\n<\/ul><\/div><\/div>\r\n\r\n<a href=\"https:\/\/www.instagram.com\/_neutec_\/\" target=\"_blank\" title=\"Besuchen Sie uns auf Instagram\"><img decoding=\"async\" alt=\"Besuchen Sie uns auf Instagram\" class=\"instagram\" src=\"https:\/\/www.neu-tec.de\/wp-content\/themes\/hippomed\/images\/instagram.gif\" \/><\/a>\r\n\r\n<div class=\"contentboxinhalator\">\r\n\r\n\t<h3>Mietservice<\/h3>\r\n\t<p><strong>Wir bieten Ihnen einen umfangreichen Mietservice an!<\/strong><\/p>\r\n\r\n\t<p><strong>Fragen Sie uns!<br \/>Wir beraten Sie gerne!<\/strong><\/p>\r\n\t\r\n\t<div class=\"kontaktdaten\">\r\n\t<a href=\"tel:0049520492970\" title=\"Telefon: 05204\/92970\"><img decoding=\"async\" alt=\"Telefon: 05204\/92970\" src=\"https:\/\/www.neu-tec.de\/wp-content\/themes\/hippomed\/images\/telefon.png\" \/>05204\/92970<\/a><br \/>\r\n\t<div class=\"clear\"><\/div>\r\n\t<a href=\"https:\/\/www.neu-tec.de\/kontakt.html\" title=\"E-Mail schicken an: info@neu-tec.de\"><img decoding=\"async\" alt=\"E-Mail schicken an: info@neu-tec.de\" src=\"https:\/\/www.neu-tec.de\/wp-content\/themes\/hippomed\/images\/mail.png\" \/>E-Mail schicken<\/a><br \/>\r\n\t<\/div>\r\n\r\n<\/div>\r\n\r\n<!--\r\n<div class=\"contentboxbanner\">\r\n\t<a href=\"https:\/\/www.equitana.com\/\" title=\"Besuchen Sie uns in Halle 1 \/ Stand A63\" target=\"_blank\"><img decoding=\"async\" src=\"http:\/\/www.neu-tec.de\/wp-content\/themes\/hippomed\/images\/equitana_banner.gif\" \/><\/a>\r\n<\/div>--><br \/><\/div><div class='clear_column'><\/div>\n","protected":false},"excerpt":{"rendered":"Pregnancy diagnosis unit for sheep and goats Early diagnosis for your peace of mind! Diagnosis unit During pregnancy, the quantity of amniotic fluid in the uterus increases to such an extent that the uterus gradually lowers into the abdominal cavity and comes within range of the ultra-sound waves emitted by the unit. The ultrasound waves &hellip; <a href=\"https:\/\/www.neu-tec.de\/en\/diagnose\/pregnancy-diagnosis\/unit-for-sheep-and-goats.html\" class=\"more-link\">Continue reading <span class=\"screen-reader-text\">Diagnosis unit for sheep and goats<\/span> <span class=\"meta-nav\">&rarr;<\/span><\/a>","protected":false},"author":3,"featured_media":0,"parent":3148,"menu_order":10,"comment_status":"closed","ping_status":"closed","template":"","meta":{"footnotes":""},"class_list":["post-3141","page","type-page","status-publish","hentry"],"_links":{"self":[{"href":"https:\/\/www.neu-tec.de\/en\/wp-json\/wp\/v2\/pages\/3141","targetHints":{"allow":["GET"]}}],"collection":[{"href":"https:\/\/www.neu-tec.de\/en\/wp-json\/wp\/v2\/pages"}],"about":[{"href":"https:\/\/www.neu-tec.de\/en\/wp-json\/wp\/v2\/types\/page"}],"author":[{"embeddable":true,"href":"https:\/\/www.neu-tec.de\/en\/wp-json\/wp\/v2\/users\/3"}],"replies":[{"embeddable":true,"href":"https:\/\/www.neu-tec.de\/en\/wp-json\/wp\/v2\/comments?post=3141"}],"version-history":[{"count":0,"href":"https:\/\/www.neu-tec.de\/en\/wp-json\/wp\/v2\/pages\/3141\/revisions"}],"up":[{"embeddable":true,"href":"https:\/\/www.neu-tec.de\/en\/wp-json\/wp\/v2\/pages\/3148"}],"wp:attachment":[{"href":"https:\/\/www.neu-tec.de\/en\/wp-json\/wp\/v2\/media?parent=3141"}],"curies":[{"name":"wp","href":"https:\/\/api.w.org\/{rel}","templated":true}]}}