{"id":3191,"date":"2016-02-13T19:49:50","date_gmt":"2016-02-13T18:49:50","guid":{"rendered":"http:\/\/www.hippomed.de\/en\/monitoring\/stallueberwachung-kamera.html"},"modified":"2022-03-29T11:50:55","modified_gmt":"2022-03-29T09:50:55","slug":"stallueberwachung-kamera","status":"publish","type":"page","link":"https:\/\/www.neu-tec.de\/en\/ueberwachung\/stallueberwachung-kamera.html","title":{"rendered":"Video\u00fcberwachung"},"content":{"rendered":"<div class='content-column three_fourth'><h1>Video\u00fcberwachung<\/h1>\n<p>Kamera\u00fcberwachung von (Pferde-)St\u00e4llen und Weiden. Live-Beobachtung am Hof, per Internet und Handy. Weitere Informationen erhalten Sie auf der Internetseite unseres Kooperationspartners: <a href=\"https:\/\/www.kerbl.com\/de\/catalog\/stall-und-hof\/hof-und-stallueberwachung\" target=\"blank\" rel=\"noopener\"><strong>https:\/\/www.kerbl.com\/de<\/strong><\/a><\/p>\n<p>&nbsp;<\/p><\/div>\n<div class='content-column one_fourth last_column'><a href=\"https:\/\/www.neu-tec-shop.de\" title=\"Online-Shop\"><img decoding=\"async\" alt=\"Online-Shop\" class=\"artikelanfrage\" src=\"https:\/\/www.neu-tec.de\/wp-content\/themes\/hippomed\/images\/artikelanfragev4.jpg\" \/><\/a>\r\n\r\n<div class=\"blackweek\">\r\n\t<a href=\"https:\/\/www.neu-tec.de\/therapie\/magnetfeldsystem\/pemf-magnetfeldsystem-fuer-pferde.html\" target=\"_blank\" title=\"Neu-Tec Vet-Line Equi, f\u00fcr die Gesundheit und das Wohlbefinden Ihres Pferdes oder Kleintieres. Weitere Informationen finden Sie hier!\"><img decoding=\"async\" src=\"https:\/\/www.neu-tec.de\/wp-content\/uploads\/Banner-Magnetfeld.jpg\" alt=\"Neu-Tec Vet-Line Equi, f\u00fcr die Gesundheit und das Wohlbefinden Ihres Pferdes oder Kleintieres. Weitere Informationen finden Sie hier!\"><\/a>\r\n<\/div>\r\n<div class=\"blackweek\">\r\n\t<a href=\"https:\/\/www.neu-tec-shop.de\/Therapieplanberatung-Therapieplanbegleitung\/NT-10057\" target=\"_blank\" title=\"Therapieberatung\/ Therapieplanbegleitung - Wir beraten Sie gerne!\"><img decoding=\"async\" src=\"https:\/\/www.neu-tec.de\/wp-content\/uploads\/Therapie-v5.gif\" alt=\"Therapieberatung\/ Therapieplanbegleitung - Sie wollen oder m\u00fcssen inhalieren? Wir beraten Sie gerne!\"><\/a>\r\n<\/div>\r\n<div class=\"contentboxenrechts iconblau\">\r\n\t<form class=\"search-form\" action=\"http:\/\/www.neu-tec.de\" method=\"get\"><label>\r\n<span class=\"screen-reader-text\">Suche nach:<\/span>\r\n<input class=\"search-field\" title=\"Suche nach:\" name=\"s\" type=\"search\" value=\"\" placeholder=\"Suche \u2026\" \/>\r\n<\/label><\/form>\r\n\n<div role=\"navigation\" aria-label=\"Language Switcher\" class=\"wpml-ls-statics-shortcode_actions wpml-ls wpml-ls-legacy-list-horizontal\">\n\t<ul><li class=\"wpml-ls-slot-shortcode_actions wpml-ls-item wpml-ls-item-de wpml-ls-first-item wpml-ls-item-legacy-list-horizontal\">\n\t\t\t\t<a href=\"https:\/\/www.neu-tec.de\/\" hreflang=\"de\" lang=\"de\" class=\"wpml-ls-link\" aria-label=\"Switch to German\" title=\"Switch to German\">\n\t\t\t\t\t                                    <img decoding=\"async\"\n            class=\"wpml-ls-flag\"\n            src=\"https:\/\/www.neu-tec.de\/wp-content\/plugins\/sitepress-multilingual-cms\/res\/flags\/de.png\"\n            alt=\"German\"\n            loading=\"lazy\"\n            width=18\n            height=12\n    \/><\/a>\n\t\t\t<\/li><li class=\"wpml-ls-slot-shortcode_actions wpml-ls-item wpml-ls-item-en wpml-ls-current-language wpml-ls-last-item wpml-ls-item-legacy-list-horizontal\">\n\t\t\t\t<a href=\"https:\/\/www.neu-tec.de\/en\" hreflang=\"en\" lang=\"en\" class=\"wpml-ls-link\" aria-current=\"page\" aria-label=\"Switch to English\" title=\"Switch to English\">\n\t\t\t\t\t                                    <img decoding=\"async\"\n            class=\"wpml-ls-flag\"\n            src=\"https:\/\/www.neu-tec.de\/wp-content\/plugins\/sitepress-multilingual-cms\/res\/flags\/en.png\"\n            alt=\"English\"\n            loading=\"lazy\"\n            width=18\n            height=12\n    \/><\/a>\n\t\t\t<\/li><\/ul>\n<\/div>\n<div class=\"menu-useabilityeng-container\"><ul id=\"menu-useabilityeng\" class=\"sub-menu\"><li id=\"menu-item-2388\" class=\"menu-item menu-item-type-post_type menu-item-object-page menu-item-home menu-item-2388\"><a href=\"https:\/\/www.neu-tec.de\/en\">Home<\/a><\/li>\n<li id=\"menu-item-3233\" class=\"menu-item menu-item-type-post_type menu-item-object-page menu-item-3233\"><a href=\"https:\/\/www.neu-tec.de\/en\/kontakt\/ansprechpartner.html\">Consultant<\/a><\/li>\n<li id=\"menu-item-3887\" class=\"menu-item menu-item-type-post_type menu-item-object-page menu-item-3887\"><a href=\"https:\/\/www.neu-tec.de\/en\/kontakt\/fairs-and-exhibitions.html\">Fairs and Exhibitions<\/a><\/li>\n<li id=\"menu-item-3223\" class=\"menu-item menu-item-type-post_type menu-item-object-page menu-item-3223\"><a href=\"https:\/\/www.neu-tec.de\/en\/kontakt.html\">Contact<\/a><\/li>\n<li id=\"menu-item-3246\" class=\"menu-item menu-item-type-post_type menu-item-object-page menu-item-3246\"><a href=\"https:\/\/www.neu-tec.de\/en\/kontakt\/impressum.html\">Legal Notice<\/a><\/li>\n<li id=\"menu-item-3896\" class=\"menu-item menu-item-type-post_type menu-item-object-page menu-item-3896\"><a href=\"https:\/\/www.neu-tec.de\/en\/kontakt\/privacy-policy.html\">Privacy Policy<\/a><\/li>\n<\/ul><\/div><\/div>\r\n\r\n<a href=\"https:\/\/www.instagram.com\/_neutec_\/\" target=\"_blank\" title=\"Besuchen Sie uns auf Instagram\"><img decoding=\"async\" alt=\"Besuchen Sie uns auf Instagram\" class=\"instagram\" src=\"https:\/\/www.neu-tec.de\/wp-content\/themes\/hippomed\/images\/instagram.gif\" \/><\/a>\r\n\r\n<div class=\"contentboxinhalator\">\r\n\r\n\t<h3>Mietservice<\/h3>\r\n\t<p><strong>Wir bieten Ihnen einen umfangreichen Mietservice an!<\/strong><\/p>\r\n\r\n\t<p><strong>Fragen Sie uns!<br \/>Wir beraten Sie gerne!<\/strong><\/p>\r\n\t\r\n\t<div class=\"kontaktdaten\">\r\n\t<a href=\"tel:0049520492970\" title=\"Telefon: 05204\/92970\"><img decoding=\"async\" alt=\"Telefon: 05204\/92970\" src=\"https:\/\/www.neu-tec.de\/wp-content\/themes\/hippomed\/images\/telefon.png\" \/>05204\/92970<\/a><br \/>\r\n\t<div class=\"clear\"><\/div>\r\n\t<a href=\"https:\/\/www.neu-tec.de\/kontakt.html\" title=\"E-Mail schicken an: info@neu-tec.de\"><img decoding=\"async\" alt=\"E-Mail schicken an: info@neu-tec.de\" src=\"https:\/\/www.neu-tec.de\/wp-content\/themes\/hippomed\/images\/mail.png\" \/>E-Mail schicken<\/a><br \/>\r\n\t<\/div>\r\n\r\n<\/div>\r\n\r\n<!--\r\n<div class=\"contentboxbanner\">\r\n\t<a href=\"https:\/\/www.equitana.com\/\" title=\"Besuchen Sie uns in Halle 1 \/ Stand A63\" target=\"_blank\"><img decoding=\"async\" src=\"http:\/\/www.neu-tec.de\/wp-content\/themes\/hippomed\/images\/equitana_banner.gif\" \/><\/a>\r\n<\/div>--><br \/><\/div><div class='clear_column'><\/div>\n","protected":false},"excerpt":{"rendered":"Video\u00fcberwachung Kamera\u00fcberwachung von (Pferde-)St\u00e4llen und Weiden. Live-Beobachtung am Hof, per Internet und Handy. Weitere Informationen erhalten Sie auf der Internetseite unseres Kooperationspartners: https:\/\/www.kerbl.com\/de &nbsp; Suche nach: Home Consultant Fairs and Exhibitions Contact Legal Notice Privacy Policy Mietservice Wir bieten Ihnen einen umfangreichen Mietservice an! Fragen Sie uns!Wir beraten Sie gerne! 05204\/92970 E-Mail schicken","protected":false},"author":3,"featured_media":0,"parent":3182,"menu_order":5,"comment_status":"closed","ping_status":"closed","template":"","meta":{"footnotes":""},"class_list":["post-3191","page","type-page","status-publish","hentry"],"_links":{"self":[{"href":"https:\/\/www.neu-tec.de\/en\/wp-json\/wp\/v2\/pages\/3191","targetHints":{"allow":["GET"]}}],"collection":[{"href":"https:\/\/www.neu-tec.de\/en\/wp-json\/wp\/v2\/pages"}],"about":[{"href":"https:\/\/www.neu-tec.de\/en\/wp-json\/wp\/v2\/types\/page"}],"author":[{"embeddable":true,"href":"https:\/\/www.neu-tec.de\/en\/wp-json\/wp\/v2\/users\/3"}],"replies":[{"embeddable":true,"href":"https:\/\/www.neu-tec.de\/en\/wp-json\/wp\/v2\/comments?post=3191"}],"version-history":[{"count":2,"href":"https:\/\/www.neu-tec.de\/en\/wp-json\/wp\/v2\/pages\/3191\/revisions"}],"predecessor-version":[{"id":5029,"href":"https:\/\/www.neu-tec.de\/en\/wp-json\/wp\/v2\/pages\/3191\/revisions\/5029"}],"up":[{"embeddable":true,"href":"https:\/\/www.neu-tec.de\/en\/wp-json\/wp\/v2\/pages\/3182"}],"wp:attachment":[{"href":"https:\/\/www.neu-tec.de\/en\/wp-json\/wp\/v2\/media?parent=3191"}],"curies":[{"name":"wp","href":"https:\/\/api.w.org\/{rel}","templated":true}]}}