{"id":3247,"date":"2016-01-28T15:59:29","date_gmt":"2016-01-28T14:59:29","guid":{"rendered":"http:\/\/www.hippomed.de\/en\/contact\/mietservice.html"},"modified":"2025-08-29T22:12:05","modified_gmt":"2025-08-29T20:12:05","slug":"mietservice","status":"publish","type":"page","link":"https:\/\/www.neu-tec.de\/en\/kontakt\/mietservice.html","title":{"rendered":"Mietservice"},"content":{"rendered":"<div class='content-column three_fourth'><h1>Mietservice<\/h1>\n<p>Wir bieten Ihnen einen umfangreichen Mietservice f\u00fcr:<\/p>\n<blockquote>\n<ul>\n<li style=\"list-style-type: none;\"><\/li>\n<li><a href=\"http:\/\/www.neu-tec.de\/therapie\/inhalatoren.html\">Ultraschall-Inhalatoren<\/a><\/li>\n<li><a href=\"http:\/\/www.neu-tec.de\/therapie\/magnetfeldsystem.html\">Magnetfeldsysteme<\/a><\/li>\n<\/ul>\n<\/blockquote>\n<h3>Download Mietvertrag<\/h3>\n<p>Laden Sie einfach den Mietvertrag f\u00fcr das entsprechende Produkt herunter und schicken Sie uns den ausgef\u00fcllten Vertrag an: Email <a href=\"mailto:info@neu-tec.de\">info@neu-tec.de<\/a>, Fax: 05204\/9297-17 oder dem postalischen Weg.<\/p>\n<blockquote>\n<ul>\n<li><a href=\"https:\/\/www.neu-tec.de\/wp-content\/uploads\/Mietvertrag-Air-One-11-2022.pdf\" target=\"blank\" rel=\"noopener\">Mietvertrag Hippomed Air-One und Air-One Flex Inhalationsger\u00e4t<\/a><\/li>\n<\/ul>\n<\/blockquote><\/div>\n<div class='content-column one_fourth last_column'><a href=\"https:\/\/www.neu-tec-shop.de\" title=\"Online-Shop\"><img decoding=\"async\" alt=\"Online-Shop\" class=\"artikelanfrage\" src=\"https:\/\/www.neu-tec.de\/wp-content\/themes\/hippomed\/images\/artikelanfragev4.jpg\" \/><\/a>\r\n\r\n<div class=\"blackweek\">\r\n\t<a href=\"https:\/\/www.neu-tec.de\/therapie\/magnetfeldsystem\/pemf-magnetfeldsystem-fuer-pferde.html\" target=\"_blank\" title=\"Neu-Tec Vet-Line Equi, f\u00fcr die Gesundheit und das Wohlbefinden Ihres Pferdes oder Kleintieres. Weitere Informationen finden Sie hier!\"><img decoding=\"async\" src=\"https:\/\/www.neu-tec.de\/wp-content\/uploads\/Banner-Magnetfeld.jpg\" alt=\"Neu-Tec Vet-Line Equi, f\u00fcr die Gesundheit und das Wohlbefinden Ihres Pferdes oder Kleintieres. Weitere Informationen finden Sie hier!\"><\/a>\r\n<\/div>\r\n<div class=\"blackweek\">\r\n\t<a href=\"https:\/\/www.neu-tec-shop.de\/Therapieplanberatung-Therapieplanbegleitung\/NT-10057\" target=\"_blank\" title=\"Therapieberatung\/ Therapieplanbegleitung - Wir beraten Sie gerne!\"><img decoding=\"async\" src=\"https:\/\/www.neu-tec.de\/wp-content\/uploads\/Therapie-v5.gif\" alt=\"Therapieberatung\/ Therapieplanbegleitung - Sie wollen oder m\u00fcssen inhalieren? Wir beraten Sie gerne!\"><\/a>\r\n<\/div>\r\n<div class=\"contentboxenrechts iconblau\">\r\n\t<form class=\"search-form\" action=\"http:\/\/www.neu-tec.de\" method=\"get\"><label>\r\n<span class=\"screen-reader-text\">Suche nach:<\/span>\r\n<input class=\"search-field\" title=\"Suche nach:\" name=\"s\" type=\"search\" value=\"\" placeholder=\"Suche \u2026\" \/>\r\n<\/label><\/form>\r\n\n<div role=\"navigation\" aria-label=\"Language Switcher\" class=\"wpml-ls-statics-shortcode_actions wpml-ls wpml-ls-legacy-list-horizontal\">\n\t<ul><li class=\"wpml-ls-slot-shortcode_actions wpml-ls-item wpml-ls-item-de wpml-ls-first-item wpml-ls-item-legacy-list-horizontal\">\n\t\t\t\t<a href=\"https:\/\/www.neu-tec.de\/\" hreflang=\"de\" lang=\"de\" class=\"wpml-ls-link\" aria-label=\"Switch to German\" title=\"Switch to German\">\n\t\t\t\t\t                                    <img decoding=\"async\"\n            class=\"wpml-ls-flag\"\n            src=\"https:\/\/www.neu-tec.de\/wp-content\/plugins\/sitepress-multilingual-cms\/res\/flags\/de.png\"\n            alt=\"German\"\n            loading=\"lazy\"\n            width=18\n            height=12\n    \/><\/a>\n\t\t\t<\/li><li class=\"wpml-ls-slot-shortcode_actions wpml-ls-item wpml-ls-item-en wpml-ls-current-language wpml-ls-last-item wpml-ls-item-legacy-list-horizontal\">\n\t\t\t\t<a href=\"https:\/\/www.neu-tec.de\/en\" hreflang=\"en\" lang=\"en\" class=\"wpml-ls-link\" aria-current=\"page\" aria-label=\"Switch to English\" title=\"Switch to English\">\n\t\t\t\t\t                                    <img decoding=\"async\"\n            class=\"wpml-ls-flag\"\n            src=\"https:\/\/www.neu-tec.de\/wp-content\/plugins\/sitepress-multilingual-cms\/res\/flags\/en.png\"\n            alt=\"English\"\n            loading=\"lazy\"\n            width=18\n            height=12\n    \/><\/a>\n\t\t\t<\/li><\/ul>\n<\/div>\n<div class=\"menu-useabilityeng-container\"><ul id=\"menu-useabilityeng\" class=\"sub-menu\"><li id=\"menu-item-2388\" class=\"menu-item menu-item-type-post_type menu-item-object-page menu-item-home menu-item-2388\"><a href=\"https:\/\/www.neu-tec.de\/en\">Home<\/a><\/li>\n<li id=\"menu-item-3233\" class=\"menu-item menu-item-type-post_type menu-item-object-page menu-item-3233\"><a href=\"https:\/\/www.neu-tec.de\/en\/kontakt\/ansprechpartner.html\">Consultant<\/a><\/li>\n<li id=\"menu-item-3887\" class=\"menu-item menu-item-type-post_type menu-item-object-page menu-item-3887\"><a href=\"https:\/\/www.neu-tec.de\/en\/kontakt\/fairs-and-exhibitions.html\">Fairs and Exhibitions<\/a><\/li>\n<li id=\"menu-item-3223\" class=\"menu-item menu-item-type-post_type menu-item-object-page menu-item-3223\"><a href=\"https:\/\/www.neu-tec.de\/en\/kontakt.html\">Contact<\/a><\/li>\n<li id=\"menu-item-3246\" class=\"menu-item menu-item-type-post_type menu-item-object-page menu-item-3246\"><a href=\"https:\/\/www.neu-tec.de\/en\/kontakt\/impressum.html\">Legal Notice<\/a><\/li>\n<li id=\"menu-item-3896\" class=\"menu-item menu-item-type-post_type menu-item-object-page menu-item-3896\"><a href=\"https:\/\/www.neu-tec.de\/en\/kontakt\/privacy-policy.html\">Privacy Policy<\/a><\/li>\n<\/ul><\/div><\/div>\r\n\r\n<a href=\"https:\/\/www.instagram.com\/_neutec_\/\" target=\"_blank\" title=\"Besuchen Sie uns auf Instagram\"><img decoding=\"async\" alt=\"Besuchen Sie uns auf Instagram\" class=\"instagram\" src=\"https:\/\/www.neu-tec.de\/wp-content\/themes\/hippomed\/images\/instagram.gif\" \/><\/a>\r\n\r\n<div class=\"contentboxinhalator\">\r\n\r\n\t<h3>Mietservice<\/h3>\r\n\t<p><strong>Wir bieten Ihnen einen umfangreichen Mietservice an!<\/strong><\/p>\r\n\r\n\t<p><strong>Fragen Sie uns!<br \/>Wir beraten Sie gerne!<\/strong><\/p>\r\n\t\r\n\t<div class=\"kontaktdaten\">\r\n\t<a href=\"tel:0049520492970\" title=\"Telefon: 05204\/92970\"><img decoding=\"async\" alt=\"Telefon: 05204\/92970\" src=\"https:\/\/www.neu-tec.de\/wp-content\/themes\/hippomed\/images\/telefon.png\" \/>05204\/92970<\/a><br \/>\r\n\t<div class=\"clear\"><\/div>\r\n\t<a href=\"https:\/\/www.neu-tec.de\/kontakt.html\" title=\"E-Mail schicken an: info@neu-tec.de\"><img decoding=\"async\" alt=\"E-Mail schicken an: info@neu-tec.de\" src=\"https:\/\/www.neu-tec.de\/wp-content\/themes\/hippomed\/images\/mail.png\" \/>E-Mail schicken<\/a><br \/>\r\n\t<\/div>\r\n\r\n<\/div>\r\n\r\n<!--\r\n<div class=\"contentboxbanner\">\r\n\t<a href=\"https:\/\/www.equitana.com\/\" title=\"Besuchen Sie uns in Halle 1 \/ Stand A63\" target=\"_blank\"><img decoding=\"async\" src=\"http:\/\/www.neu-tec.de\/wp-content\/themes\/hippomed\/images\/equitana_banner.gif\" \/><\/a>\r\n<\/div>--><br \/><\/div><div class='clear_column'><\/div>\n","protected":false},"excerpt":{"rendered":"Mietservice Wir bieten Ihnen einen umfangreichen Mietservice f\u00fcr: Ultraschall-Inhalatoren Magnetfeldsysteme Download Mietvertrag Laden Sie einfach den Mietvertrag f\u00fcr das entsprechende Produkt herunter und schicken Sie uns den ausgef\u00fcllten Vertrag an: Email info@neu-tec.de, Fax: 05204\/9297-17 oder dem postalischen Weg. Mietvertrag Hippomed Air-One und Air-One Flex Inhalationsger\u00e4t Suche nach: Home Consultant Fairs and Exhibitions Contact Legal Notice &hellip; <a href=\"https:\/\/www.neu-tec.de\/en\/kontakt\/mietservice.html\" class=\"more-link\">Continue reading <span class=\"screen-reader-text\">Mietservice<\/span> <span class=\"meta-nav\">&rarr;<\/span><\/a>","protected":false},"author":3,"featured_media":0,"parent":3218,"menu_order":7,"comment_status":"closed","ping_status":"closed","template":"","meta":{"footnotes":""},"class_list":["post-3247","page","type-page","status-publish","hentry"],"_links":{"self":[{"href":"https:\/\/www.neu-tec.de\/en\/wp-json\/wp\/v2\/pages\/3247","targetHints":{"allow":["GET"]}}],"collection":[{"href":"https:\/\/www.neu-tec.de\/en\/wp-json\/wp\/v2\/pages"}],"about":[{"href":"https:\/\/www.neu-tec.de\/en\/wp-json\/wp\/v2\/types\/page"}],"author":[{"embeddable":true,"href":"https:\/\/www.neu-tec.de\/en\/wp-json\/wp\/v2\/users\/3"}],"replies":[{"embeddable":true,"href":"https:\/\/www.neu-tec.de\/en\/wp-json\/wp\/v2\/comments?post=3247"}],"version-history":[{"count":6,"href":"https:\/\/www.neu-tec.de\/en\/wp-json\/wp\/v2\/pages\/3247\/revisions"}],"predecessor-version":[{"id":5528,"href":"https:\/\/www.neu-tec.de\/en\/wp-json\/wp\/v2\/pages\/3247\/revisions\/5528"}],"up":[{"embeddable":true,"href":"https:\/\/www.neu-tec.de\/en\/wp-json\/wp\/v2\/pages\/3218"}],"wp:attachment":[{"href":"https:\/\/www.neu-tec.de\/en\/wp-json\/wp\/v2\/media?parent=3247"}],"curies":[{"name":"wp","href":"https:\/\/api.w.org\/{rel}","templated":true}]}}